{"id":14,"date":"2025-10-08T21:09:28","date_gmt":"2025-10-08T21:09:28","guid":{"rendered":"https:\/\/lavorobase.com\/?page_id=14"},"modified":"2026-01-27T17:03:22","modified_gmt":"2026-01-27T17:03:22","slug":"informazioni","status":"publish","type":"page","link":"https:\/\/lavorobase.com\/pl\/informazioni\/","title":{"rendered":"Informacja"},"content":{"rendered":"<p><strong>Przestrze\u0144, w kt\u00f3rej kariera rozwija si\u0119 naturalnie<\/strong><\/p>\n\n\n\n<p>W <strong>Podstawowa praca<\/strong>Wierzymy, \u017ce ka\u017cdy zas\u0142uguje na szans\u0119 zbudowania w\u0142asnej historii zawodowej \u2013 opartej na wiedzy, zaufaniu i jasnym poczuciu celu.<\/p>\n\n\n\n<p>Nasz cel jest prosty: pom\u00f3c Ci zrozumie\u0107 rynek pracy, rozwin\u0105\u0107 niezb\u0119dne umiej\u0119tno\u015bci i podejmowa\u0107 \u015bwiadome decyzje dotycz\u0105ce Twojej przysz\u0142o\u015bci. \u0141\u0105czymy jasne wyja\u015bnienia, rzetelne porady i praktyczne spostrze\u017cenia, aby pom\u00f3c Ci si\u0119 rozwija\u0107 \u2013 niezale\u017cnie od tego, na jakim etapie kariery jeste\u015b.<\/p>\n\n\n\n<p>Ta strona zosta\u0142a stworzona dla ka\u017cdego, kto chce wytyczy\u0107 sobie satysfakcjonuj\u0105c\u0105 \u015bcie\u017ck\u0119 kariery. Niezale\u017cnie od tego, czy szukasz swojej pierwszej pracy, zmieniasz kierunek, czy chcesz rozwija\u0107 si\u0119 w swojej obecnej dziedzinie, znajdziesz tu zasoby zaprojektowane tak, aby post\u0119p by\u0142 naprawd\u0119 mo\u017cliwy.<\/p>\n\n\n\n<p>Nie jeste\u015bmy agencj\u0105 rekrutacyjn\u0105, firm\u0105 szkoleniow\u0105 ani platform\u0105 reklamow\u0105. Jeste\u015bmy niezale\u017cnym \u017ar\u00f3d\u0142em informacji, stworzonym przez ludzi, kt\u00f3rzy wierz\u0105 w warto\u015b\u0107 dzielenia si\u0119 tym, co naprawd\u0119 dzia\u0142a w realnym \u015bwiecie pracy.<\/p>\n\n\n\n<h3 class=\"wp-block-heading\">Co znajdziesz<\/h3>\n\n\n\n<p><strong>Podstawowa praca<\/strong> Zosta\u0142 zaprojektowany tak, aby by\u0107 czym\u015b wi\u0119cej ni\u017c tylko blogiem \u2014 to miejsce, w kt\u00f3rym rozw\u00f3j zawodowy staje si\u0119 konkretny i zrozumia\u0142y.<\/p>\n\n\n\n<p>Tutaj znajdziesz:<\/p>\n\n\n\n<ul>\n<li><strong>Przewodniki po codziennych decyzjach<\/strong> - z <strong>zesp\u00f3\u0142 redakcyjny<\/strong> od CV po popraw\u0119 komunikacji zawodowej.<\/li>\n\n\n\n<li><strong>Wgl\u0105d w prac\u0119<\/strong> \u2014 zrozumia\u0142e wyja\u015bnienia dotycz\u0105ce trend\u00f3w, nowych r\u00f3l i ewolucji rynku pracy.<\/li>\n\n\n\n<li><strong>Wskaz\u00f3wki dotycz\u0105ce rozwijania umiej\u0119tno\u015bci<\/strong> \u2014sposoby na wzmocnienie tego, co ju\u017c wiesz i odkrycie nowych kierunk\u00f3w.<\/li>\n\n\n\n<li><strong>Historie i strategie<\/strong> \u2014lekcje od prawdziwych profesjonalist\u00f3w i zmieniaj\u0105cego si\u0119 \u015brodowiska pracy.<\/li>\n<\/ul>\n\n\n\n<p>Ka\u017cdy tekst jest pomocny, bezpo\u015bredni i dostosowany do potrzeb \u2014 bez zb\u0119dnych dodatk\u00f3w, tylko informacje, kt\u00f3re pomog\u0105 Ci podj\u0105\u0107 kolejny krok.<\/p>\n\n\n\n<h3 class=\"wp-block-heading\">Niezale\u017cno\u015b\u0107 i przejrzysto\u015b\u0107<\/h3>\n\n\n\n<p>Wierzymy, \u017ce rada ma warto\u015b\u0107 tylko wtedy, gdy jest wolna od wp\u0142yw\u00f3w.<br>Z tego powodu <strong>Podstawowa praca<\/strong> Nie sprzedaje kurs\u00f3w, nie promuje p\u0142atnych produkt\u00f3w i nie zarabia na prowizjach za po\u015brednictwem link\u00f3w partnerskich.<\/p>\n\n\n\n<p>Nasza niezale\u017cno\u015b\u0107 pozwala nam skupi\u0107 si\u0119 na tym, co naprawd\u0119 wa\u017cne: Twoim rozwoju zawodowym.<\/p>\n\n\n\n<p>Kiedy wspominamy o zewn\u0119trznych platformach lub narz\u0119dziach, robimy to wy\u0142\u0105cznie w celu zapewnienia kontekstu, a nie w celach reklamowych lub w formie linku. <strong>oficjalna rekomendacja<\/strong>.<\/p>\n\n\n\n<p>Kierujemy si\u0119 trzema zasadami:<\/p>\n\n\n\n<ul>\n<li><strong>Przejrzysto\u015b\u0107<\/strong> \u2014 informacje \u0142atwe do zrozumienia.<\/li>\n\n\n\n<li><strong>Uczciwo\u015b\u0107<\/strong> \u2014 tre\u015bci, w kt\u00f3rych dok\u0142adno\u015b\u0107 ma pierwsze\u0144stwo przed popularno\u015bci\u0105.<\/li>\n\n\n\n<li><strong>Znaczenie<\/strong> \u2014 orientacja odzwierciedlaj\u0105ca rzeczywiste wyzwania \u015bwiata pracy.<\/li>\n<\/ul>\n\n\n\n<h3 class=\"wp-block-heading\">Jak pracujemy<\/h3>\n\n\n\n<p>Jeste\u015bmy transparentni w kwestii tego, co robimy i jak to robimy:<\/p>\n\n\n\n<ul>\n<li><strong>Brak powi\u0105za\u0144:<\/strong> Dzia\u0142amy niezale\u017cnie, nie maj\u0105c \u017cadnych powi\u0105za\u0144 z pracodawcami ani dostawcami us\u0142ug.<\/li>\n\n\n\n<li><strong>Brak ofert komercyjnych:<\/strong> Nie oferujemy p\u0142atnych konsultacji ani us\u0142ug po\u015brednictwa pracy.<\/li>\n\n\n\n<li><strong>Brak ukrytego sponsorowania:<\/strong> Wszelkie wymienione produkty i witryny maj\u0105 wy\u0142\u0105cznie charakter informacyjny.<\/li>\n\n\n\n<li><strong>Odpowiedzialna tre\u015b\u0107:<\/strong> Regularnie weryfikujemy informacje, ale rynek pracy zmienia si\u0119, dlatego zach\u0119camy czytelnik\u00f3w do samodzielnego potwierdzania szczeg\u00f3\u0142\u00f3w w razie potrzeby.<\/li>\n<\/ul>\n\n\n\n<p>Nasza rola to <strong>informowa\u0107, nie przekonywa\u0107<\/strong> \u2014poniewa\u017c Twoje wybory zawodowe zawsze powinny by\u0107 Twoimi w\u0142asnymi.<\/p>\n\n\n\n<h3 class=\"wp-block-heading\">Nie przestawaj rosn\u0105\u0107<\/h3>\n\n\n\n<p><strong>Podstawowa praca<\/strong> Istnieje, poniewa\u017c wzrost nigdy si\u0119 nie ko\u0144czy.<br>Wierzymy, \u017ce uczenie si\u0119, adaptacja i odkrywanie nowych mo\u017cliwo\u015bci sprawiaj\u0105, \u017ce praca ma sens.<\/p>\n\n\n\n<p>Ka\u017cdy artyku\u0142, kt\u00f3ry publikujemy, jest pisany z szacunkiem dla Twojej drogi i docenieniem zaanga\u017cowania, kt\u00f3re jest potrzebne, aby i\u015b\u0107 naprz\u00f3d.<\/p>\n\n\n\n<p>Niezale\u017cnie od tego, czy szukasz wskaz\u00f3wek, inspiracji, czy po prostu nowego spojrzenia na swoj\u0105 zawodow\u0105 \u015bcie\u017ck\u0119, mamy nadziej\u0119, \u017ce ta platforma stanie si\u0119 cz\u0119\u015bci\u0105 Twojego procesu \u2014 jeden pomys\u0142, jedna refleksja, jeden krok na raz.<\/p>\n\n\n\n<p><strong>Ucz si\u0119 nieustannie. Rozwijaj si\u0119 nieustannie. Rozwijaj si\u0119 nieustannie.<\/strong><\/p>","protected":false},"excerpt":{"rendered":"<p>Uno Spazio Dove la Carriera Cresce in Modo Naturale In Lavoro Base, crediamo che ogni persona meriti la possibilit\u00e0 di [&hellip;]<\/p>","protected":false},"author":29,"featured_media":0,"parent":0,"menu_order":0,"comment_status":"closed","ping_status":"closed","template":"","meta":{"_uag_custom_page_level_css":"","site-sidebar-layout":"default","site-content-layout":"","ast-site-content-layout":"default","site-content-style":"default","site-sidebar-style":"default","ast-global-header-display":"","ast-banner-title-visibility":"","ast-main-header-display":"","ast-hfb-above-header-display":"","ast-hfb-below-header-display":"","ast-hfb-mobile-header-display":"","site-post-title":"","ast-breadcrumbs-content":"","ast-featured-img":"","footer-sml-layout":"","theme-transparent-header-meta":"","adv-header-id-meta":"","stick-header-meta":"","header-above-stick-meta":"","header-main-stick-meta":"","header-below-stick-meta":"","astra-migrate-meta-layouts":"set","ast-page-background-enabled":"default","ast-page-background-meta":{"desktop":{"background-color":"var(--ast-global-color-4)","background-image":"","background-repeat":"repeat","background-position":"center center","background-size":"auto","background-attachment":"scroll","background-type":"","background-media":"","overlay-type":"","overlay-color":"","overlay-opacity":"","overlay-gradient":""},"tablet":{"background-color":"","background-image":"","background-repeat":"repeat","background-position":"center center","background-size":"auto","background-attachment":"scroll","background-type":"","background-media":"","overlay-type":"","overlay-color":"","overlay-opacity":"","overlay-gradient":""},"mobile":{"background-color":"","background-image":"","background-repeat":"repeat","background-position":"center center","background-size":"auto","background-attachment":"scroll","background-type":"","background-media":"","overlay-type":"","overlay-color":"","overlay-opacity":"","overlay-gradient":""}},"ast-content-background-meta":{"desktop":{"background-color":"var(--ast-global-color-5)","background-image":"","background-repeat":"repeat","background-position":"center center","background-size":"auto","background-attachment":"scroll","background-type":"","background-media":"","overlay-type":"","overlay-color":"","overlay-opacity":"","overlay-gradient":""},"tablet":{"background-color":"var(--ast-global-color-5)","background-image":"","background-repeat":"repeat","background-position":"center center","background-size":"auto","background-attachment":"scroll","background-type":"","background-media":"","overlay-type":"","overlay-color":"","overlay-opacity":"","overlay-gradient":""},"mobile":{"background-color":"var(--ast-global-color-5)","background-image":"","background-repeat":"repeat","background-position":"center center","background-size":"auto","background-attachment":"scroll","background-type":"","background-media":"","overlay-type":"","overlay-color":"","overlay-opacity":"","overlay-gradient":""}},"footnotes":""},"yoast_head":"<!-- This site is optimized with the Yoast SEO plugin v23.3 - https:\/\/yoast.com\/wordpress\/plugins\/seo\/ -->\n<title>Informazioni - Lavoro Base<\/title>\n<meta name=\"robots\" content=\"index, follow, max-snippet:-1, max-image-preview:large, max-video-preview:-1\" \/>\n<link rel=\"canonical\" href=\"https:\/\/lavorobase.com\/pl\/informazioni\/\" \/>\n<meta property=\"og:locale\" content=\"pl_PL\" \/>\n<meta property=\"og:type\" content=\"article\" \/>\n<meta property=\"og:title\" content=\"Informazioni - Lavoro Base\" \/>\n<meta property=\"og:description\" content=\"Uno Spazio Dove la Carriera Cresce in Modo Naturale In Lavoro Base, crediamo che ogni persona meriti la possibilit\u00e0 di [&hellip;]\" \/>\n<meta property=\"og:url\" content=\"https:\/\/lavorobase.com\/pl\/informazioni\/\" \/>\n<meta property=\"og:site_name\" content=\"Lavoro Base\" \/>\n<meta property=\"article:modified_time\" content=\"2026-01-27T17:03:22+00:00\" \/>\n<meta name=\"twitter:card\" content=\"summary_large_image\" \/>\n<meta name=\"twitter:label1\" content=\"Est. reading time\" \/>\n\t<meta name=\"twitter:data1\" content=\"3 minuty\" \/>\n<script type=\"application\/ld+json\" class=\"yoast-schema-graph\">{\"@context\":\"https:\/\/schema.org\",\"@graph\":[{\"@type\":\"WebPage\",\"@id\":\"https:\/\/lavorobase.com\/informazioni\/\",\"url\":\"https:\/\/lavorobase.com\/informazioni\/\",\"name\":\"Informazioni - Lavoro Base\",\"isPartOf\":{\"@id\":\"https:\/\/lavorobase.com\/#website\"},\"datePublished\":\"2025-10-08T21:09:28+00:00\",\"dateModified\":\"2026-01-27T17:03:22+00:00\",\"breadcrumb\":{\"@id\":\"https:\/\/lavorobase.com\/informazioni\/#breadcrumb\"},\"inLanguage\":\"pl-PL\",\"potentialAction\":[{\"@type\":\"ReadAction\",\"target\":[\"https:\/\/lavorobase.com\/informazioni\/\"]}]},{\"@type\":\"BreadcrumbList\",\"@id\":\"https:\/\/lavorobase.com\/informazioni\/#breadcrumb\",\"itemListElement\":[{\"@type\":\"ListItem\",\"position\":1,\"name\":\"Home\",\"item\":\"https:\/\/lavorobase.com\/\"},{\"@type\":\"ListItem\",\"position\":2,\"name\":\"Informazioni\"}]},{\"@type\":\"WebSite\",\"@id\":\"https:\/\/lavorobase.com\/#website\",\"url\":\"https:\/\/lavorobase.com\/\",\"name\":\"Lavoro Base\",\"description\":\"\",\"publisher\":{\"@id\":\"https:\/\/lavorobase.com\/#organization\"},\"potentialAction\":[{\"@type\":\"SearchAction\",\"target\":{\"@type\":\"EntryPoint\",\"urlTemplate\":\"https:\/\/lavorobase.com\/?s={search_term_string}\"},\"query-input\":\"required name=search_term_string\"}],\"inLanguage\":\"pl-PL\"},{\"@type\":\"Organization\",\"@id\":\"https:\/\/lavorobase.com\/#organization\",\"name\":\"Lavoro Base\",\"url\":\"https:\/\/lavorobase.com\/\",\"logo\":{\"@type\":\"ImageObject\",\"inLanguage\":\"pl-PL\",\"@id\":\"https:\/\/lavorobase.com\/#\/schema\/logo\/image\/\",\"url\":\"https:\/\/lavorobase.com\/wp-content\/uploads\/sites\/605\/2025\/10\/Logo-Laboro-Base-1.svg\",\"contentUrl\":\"https:\/\/lavorobase.com\/wp-content\/uploads\/sites\/605\/2025\/10\/Logo-Laboro-Base-1.svg\",\"caption\":\"Lavoro Base\"},\"image\":{\"@id\":\"https:\/\/lavorobase.com\/#\/schema\/logo\/image\/\"}}]}<\/script>\n<!-- \/ Yoast SEO plugin. -->","yoast_head_json":{"title":"Informazioni - Lavoro Base","robots":{"index":"index","follow":"follow","max-snippet":"max-snippet:-1","max-image-preview":"max-image-preview:large","max-video-preview":"max-video-preview:-1"},"canonical":"https:\/\/lavorobase.com\/pl\/informazioni\/","og_locale":"pl_PL","og_type":"article","og_title":"Informazioni - Lavoro Base","og_description":"Uno Spazio Dove la Carriera Cresce in Modo Naturale In Lavoro Base, crediamo che ogni persona meriti la possibilit\u00e0 di [&hellip;]","og_url":"https:\/\/lavorobase.com\/pl\/informazioni\/","og_site_name":"Lavoro Base","article_modified_time":"2026-01-27T17:03:22+00:00","twitter_card":"summary_large_image","twitter_misc":{"Est. reading time":"3 minuty"},"schema":{"@context":"https:\/\/schema.org","@graph":[{"@type":"WebPage","@id":"https:\/\/lavorobase.com\/informazioni\/","url":"https:\/\/lavorobase.com\/informazioni\/","name":"Informazioni - Lavoro Base","isPartOf":{"@id":"https:\/\/lavorobase.com\/#website"},"datePublished":"2025-10-08T21:09:28+00:00","dateModified":"2026-01-27T17:03:22+00:00","breadcrumb":{"@id":"https:\/\/lavorobase.com\/informazioni\/#breadcrumb"},"inLanguage":"pl-PL","potentialAction":[{"@type":"ReadAction","target":["https:\/\/lavorobase.com\/informazioni\/"]}]},{"@type":"BreadcrumbList","@id":"https:\/\/lavorobase.com\/informazioni\/#breadcrumb","itemListElement":[{"@type":"ListItem","position":1,"name":"Home","item":"https:\/\/lavorobase.com\/"},{"@type":"ListItem","position":2,"name":"Informazioni"}]},{"@type":"WebSite","@id":"https:\/\/lavorobase.com\/#website","url":"https:\/\/lavorobase.com\/","name":"Lavoro Base","description":"","publisher":{"@id":"https:\/\/lavorobase.com\/#organization"},"potentialAction":[{"@type":"SearchAction","target":{"@type":"EntryPoint","urlTemplate":"https:\/\/lavorobase.com\/?s={search_term_string}"},"query-input":"required name=search_term_string"}],"inLanguage":"pl-PL"},{"@type":"Organization","@id":"https:\/\/lavorobase.com\/#organization","name":"Lavoro Base","url":"https:\/\/lavorobase.com\/","logo":{"@type":"ImageObject","inLanguage":"pl-PL","@id":"https:\/\/lavorobase.com\/#\/schema\/logo\/image\/","url":"https:\/\/lavorobase.com\/wp-content\/uploads\/sites\/605\/2025\/10\/Logo-Laboro-Base-1.svg","contentUrl":"https:\/\/lavorobase.com\/wp-content\/uploads\/sites\/605\/2025\/10\/Logo-Laboro-Base-1.svg","caption":"Lavoro Base"},"image":{"@id":"https:\/\/lavorobase.com\/#\/schema\/logo\/image\/"}}]}},"uagb_featured_image_src":{"full":false,"thumbnail":false,"medium":false,"medium_large":false,"large":false,"1536x1536":false,"2048x2048":false,"trp-custom-language-flag":false},"uagb_author_info":{"display_name":"Beatriz Vieira","author_link":"https:\/\/lavorobase.com\/pl\/author\/beatrizvieirasilva0504\/"},"uagb_comment_info":0,"uagb_excerpt":"Uno Spazio Dove la Carriera Cresce in Modo Naturale In Lavoro Base, crediamo che ogni persona meriti la possibilit\u00e0 di [&hellip;]","_links":{"self":[{"href":"https:\/\/lavorobase.com\/pl\/wp-json\/wp\/v2\/pages\/14"}],"collection":[{"href":"https:\/\/lavorobase.com\/pl\/wp-json\/wp\/v2\/pages"}],"about":[{"href":"https:\/\/lavorobase.com\/pl\/wp-json\/wp\/v2\/types\/page"}],"author":[{"embeddable":true,"href":"https:\/\/lavorobase.com\/pl\/wp-json\/wp\/v2\/users\/29"}],"replies":[{"embeddable":true,"href":"https:\/\/lavorobase.com\/pl\/wp-json\/wp\/v2\/comments?post=14"}],"version-history":[{"count":3,"href":"https:\/\/lavorobase.com\/pl\/wp-json\/wp\/v2\/pages\/14\/revisions"}],"predecessor-version":[{"id":682,"href":"https:\/\/lavorobase.com\/pl\/wp-json\/wp\/v2\/pages\/14\/revisions\/682"}],"wp:attachment":[{"href":"https:\/\/lavorobase.com\/pl\/wp-json\/wp\/v2\/media?parent=14"}],"curies":[{"name":"wp","href":"https:\/\/api.w.org\/{rel}","templated":true}]}}