{"id":12,"date":"2025-10-08T21:05:07","date_gmt":"2025-10-08T21:05:07","guid":{"rendered":"https:\/\/lavorobase.com\/?page_id=12"},"modified":"2026-04-07T19:01:45","modified_gmt":"2026-04-07T19:01:45","slug":"contact","status":"publish","type":"page","link":"https:\/\/lavorobase.com\/pl\/contact\/","title":{"rendered":"Kontakt"},"content":{"rendered":"<div class=\"wpforms-container wpforms-block wpforms-block-122c71d6-052d-413e-a073-d801b254cd64\" id=\"wpforms-203\"><form id=\"wpforms-form-203\" class=\"wpforms-validate wpforms-form\" data-formid=\"203\" method=\"post\" enctype=\"multipart\/form-data\" action=\"\/pl\/wp-json\/wp\/v2\/pages\/12\" data-token=\"42a20683c0d2d87149664287b8849e9c\" data-token-time=\"1776417925\" data-trp-original-action=\"\/pl\/wp-json\/wp\/v2\/pages\/12\"><noscript class=\"wpforms-error-noscript\">Aby wype\u0142ni\u0107 ten formularz, w\u0142\u0105cz obs\u0142ug\u0119 JavaScript w przegl\u0105darce.<\/noscript><div class=\"wpforms-field-container\"><div id=\"wpforms-203-field_0-container\" class=\"wpforms-field wpforms-field-name\" data-field-id=\"0\"><label class=\"wpforms-field-label wpforms-label-hide\" for=\"wpforms-203-field_0\">Nazwa <span class=\"wpforms-required-label\">*<\/span><\/label><input type=\"text\" id=\"wpforms-203-field_0\" class=\"wpforms-field-large wpforms-field-required\" name=\"wpforms[fields][0]\" placeholder=\"Nazwa\" required><\/div><div id=\"wpforms-203-field_4-container\" class=\"wpforms-field wpforms-field-text\" data-field-id=\"4\"><label class=\"wpforms-field-label wpforms-label-hide\" for=\"wpforms-203-field_4\">Temat <span class=\"wpforms-required-label\">*<\/span><\/label><input type=\"text\" id=\"wpforms-203-field_4\" class=\"wpforms-field-large wpforms-field-required\" name=\"wpforms[fields][4]\" placeholder=\"Temat\" required><\/div><div id=\"wpforms-203-field_1-container\" class=\"wpforms-field wpforms-field-email\" data-field-id=\"1\"><label class=\"wpforms-field-label wpforms-label-hide\" for=\"wpforms-203-field_1\">E-mail <span class=\"wpforms-required-label\">*<\/span><\/label><input type=\"email\" id=\"wpforms-203-field_1\" class=\"wpforms-field-large wpforms-field-required\" name=\"wpforms[fields][1]\" placeholder=\"Adres e-mail\" spellcheck=\"false\" required><\/div><div id=\"wpforms-203-field_2-container\" class=\"wpforms-field wpforms-field-textarea\" data-field-id=\"2\"><label class=\"wpforms-field-label wpforms-label-hide\" for=\"wpforms-203-field_2\">Wiadomo\u015b\u0107 <span class=\"wpforms-required-label\">*<\/span><\/label><textarea id=\"wpforms-203-field_2\" class=\"wpforms-field-medium wpforms-field-required\" name=\"wpforms[fields][2]\" placeholder=\"Twoja wiadomo\u015b\u0107\" required><\/textarea><\/div><\/div><!-- .wpforms-field-container --><div class=\"wpforms-submit-container\" ><input type=\"hidden\" name=\"wpforms[id]\" value=\"203\"><input type=\"hidden\" name=\"page_title\" value=\"\"><input type=\"hidden\" name=\"page_url\" value=\"https:\/\/lavorobase.com\/pl\/wp-json\/wp\/v2\/pages\/12\"><input type=\"hidden\" name=\"url_referer\" value=\"\"><button type=\"submit\" name=\"wpforms[submit]\" id=\"wpforms-submit-203\" class=\"wpforms-submit\" data-alt-text=\"Sending...\" data-submit-text=\"Send Away!\" aria-live=\"assertive\" value=\"wpforms-submit\">Wyla\u0107 z pracy!<\/button><\/div><input type=\"hidden\" name=\"trp-form-language\" value=\"pl\"\/><\/form><\/div>  <!-- .wpforms-container -->","protected":false},"excerpt":{"rendered":"","protected":false},"author":29,"featured_media":0,"parent":0,"menu_order":0,"comment_status":"closed","ping_status":"closed","template":"","meta":{"_uag_custom_page_level_css":"","site-sidebar-layout":"default","site-content-layout":"","ast-site-content-layout":"default","site-content-style":"default","site-sidebar-style":"default","ast-global-header-display":"","ast-banner-title-visibility":"","ast-main-header-display":"","ast-hfb-above-header-display":"","ast-hfb-below-header-display":"","ast-hfb-mobile-header-display":"","site-post-title":"","ast-breadcrumbs-content":"","ast-featured-img":"","footer-sml-layout":"","theme-transparent-header-meta":"","adv-header-id-meta":"","stick-header-meta":"","header-above-stick-meta":"","header-main-stick-meta":"","header-below-stick-meta":"","astra-migrate-meta-layouts":"set","ast-page-background-enabled":"default","ast-page-background-meta":{"desktop":{"background-color":"var(--ast-global-color-4)","background-image":"","background-repeat":"repeat","background-position":"center center","background-size":"auto","background-attachment":"scroll","background-type":"","background-media":"","overlay-type":"","overlay-color":"","overlay-opacity":"","overlay-gradient":""},"tablet":{"background-color":"","background-image":"","background-repeat":"repeat","background-position":"center center","background-size":"auto","background-attachment":"scroll","background-type":"","background-media":"","overlay-type":"","overlay-color":"","overlay-opacity":"","overlay-gradient":""},"mobile":{"background-color":"","background-image":"","background-repeat":"repeat","background-position":"center center","background-size":"auto","background-attachment":"scroll","background-type":"","background-media":"","overlay-type":"","overlay-color":"","overlay-opacity":"","overlay-gradient":""}},"ast-content-background-meta":{"desktop":{"background-color":"var(--ast-global-color-5)","background-image":"","background-repeat":"repeat","background-position":"center center","background-size":"auto","background-attachment":"scroll","background-type":"","background-media":"","overlay-type":"","overlay-color":"","overlay-opacity":"","overlay-gradient":""},"tablet":{"background-color":"var(--ast-global-color-5)","background-image":"","background-repeat":"repeat","background-position":"center center","background-size":"auto","background-attachment":"scroll","background-type":"","background-media":"","overlay-type":"","overlay-color":"","overlay-opacity":"","overlay-gradient":""},"mobile":{"background-color":"var(--ast-global-color-5)","background-image":"","background-repeat":"repeat","background-position":"center center","background-size":"auto","background-attachment":"scroll","background-type":"","background-media":"","overlay-type":"","overlay-color":"","overlay-opacity":"","overlay-gradient":""}},"footnotes":""},"yoast_head":"<!-- This site is optimized with the Yoast SEO plugin v23.3 - https:\/\/yoast.com\/wordpress\/plugins\/seo\/ -->\n<title>Contatto - Lavoro Base<\/title>\n<meta name=\"robots\" content=\"index, follow, max-snippet:-1, max-image-preview:large, max-video-preview:-1\" \/>\n<link rel=\"canonical\" href=\"https:\/\/lavorobase.com\/pl\/contact\/\" \/>\n<meta property=\"og:locale\" content=\"pl_PL\" \/>\n<meta property=\"og:type\" content=\"article\" \/>\n<meta property=\"og:title\" content=\"Contatto - Lavoro Base\" \/>\n<meta property=\"og:url\" content=\"https:\/\/lavorobase.com\/pl\/contact\/\" \/>\n<meta property=\"og:site_name\" content=\"Lavoro Base\" \/>\n<meta property=\"article:modified_time\" content=\"2026-04-07T19:01:45+00:00\" \/>\n<meta name=\"twitter:card\" content=\"summary_large_image\" \/>\n<script type=\"application\/ld+json\" class=\"yoast-schema-graph\">{\"@context\":\"https:\/\/schema.org\",\"@graph\":[{\"@type\":\"WebPage\",\"@id\":\"https:\/\/lavorobase.com\/contact\/\",\"url\":\"https:\/\/lavorobase.com\/contact\/\",\"name\":\"Contatto - Lavoro Base\",\"isPartOf\":{\"@id\":\"https:\/\/lavorobase.com\/#website\"},\"datePublished\":\"2025-10-08T21:05:07+00:00\",\"dateModified\":\"2026-04-07T19:01:45+00:00\",\"breadcrumb\":{\"@id\":\"https:\/\/lavorobase.com\/contact\/#breadcrumb\"},\"inLanguage\":\"pl-PL\",\"potentialAction\":[{\"@type\":\"ReadAction\",\"target\":[\"https:\/\/lavorobase.com\/contact\/\"]}]},{\"@type\":\"BreadcrumbList\",\"@id\":\"https:\/\/lavorobase.com\/contact\/#breadcrumb\",\"itemListElement\":[{\"@type\":\"ListItem\",\"position\":1,\"name\":\"Home\",\"item\":\"https:\/\/lavorobase.com\/\"},{\"@type\":\"ListItem\",\"position\":2,\"name\":\"Contatto\"}]},{\"@type\":\"WebSite\",\"@id\":\"https:\/\/lavorobase.com\/#website\",\"url\":\"https:\/\/lavorobase.com\/\",\"name\":\"Lavoro Base\",\"description\":\"\",\"publisher\":{\"@id\":\"https:\/\/lavorobase.com\/#organization\"},\"potentialAction\":[{\"@type\":\"SearchAction\",\"target\":{\"@type\":\"EntryPoint\",\"urlTemplate\":\"https:\/\/lavorobase.com\/?s={search_term_string}\"},\"query-input\":\"required name=search_term_string\"}],\"inLanguage\":\"pl-PL\"},{\"@type\":\"Organization\",\"@id\":\"https:\/\/lavorobase.com\/#organization\",\"name\":\"Lavoro Base\",\"url\":\"https:\/\/lavorobase.com\/\",\"logo\":{\"@type\":\"ImageObject\",\"inLanguage\":\"pl-PL\",\"@id\":\"https:\/\/lavorobase.com\/#\/schema\/logo\/image\/\",\"url\":\"https:\/\/lavorobase.com\/wp-content\/uploads\/sites\/605\/2025\/10\/Logo-Laboro-Base-1.svg\",\"contentUrl\":\"https:\/\/lavorobase.com\/wp-content\/uploads\/sites\/605\/2025\/10\/Logo-Laboro-Base-1.svg\",\"caption\":\"Lavoro Base\"},\"image\":{\"@id\":\"https:\/\/lavorobase.com\/#\/schema\/logo\/image\/\"}}]}<\/script>\n<!-- \/ Yoast SEO plugin. -->","yoast_head_json":{"title":"Contatto - Lavoro Base","robots":{"index":"index","follow":"follow","max-snippet":"max-snippet:-1","max-image-preview":"max-image-preview:large","max-video-preview":"max-video-preview:-1"},"canonical":"https:\/\/lavorobase.com\/pl\/contact\/","og_locale":"pl_PL","og_type":"article","og_title":"Contatto - Lavoro Base","og_url":"https:\/\/lavorobase.com\/pl\/contact\/","og_site_name":"Lavoro Base","article_modified_time":"2026-04-07T19:01:45+00:00","twitter_card":"summary_large_image","schema":{"@context":"https:\/\/schema.org","@graph":[{"@type":"WebPage","@id":"https:\/\/lavorobase.com\/contact\/","url":"https:\/\/lavorobase.com\/contact\/","name":"Contatto - Lavoro Base","isPartOf":{"@id":"https:\/\/lavorobase.com\/#website"},"datePublished":"2025-10-08T21:05:07+00:00","dateModified":"2026-04-07T19:01:45+00:00","breadcrumb":{"@id":"https:\/\/lavorobase.com\/contact\/#breadcrumb"},"inLanguage":"pl-PL","potentialAction":[{"@type":"ReadAction","target":["https:\/\/lavorobase.com\/contact\/"]}]},{"@type":"BreadcrumbList","@id":"https:\/\/lavorobase.com\/contact\/#breadcrumb","itemListElement":[{"@type":"ListItem","position":1,"name":"Home","item":"https:\/\/lavorobase.com\/"},{"@type":"ListItem","position":2,"name":"Contatto"}]},{"@type":"WebSite","@id":"https:\/\/lavorobase.com\/#website","url":"https:\/\/lavorobase.com\/","name":"Lavoro Base","description":"","publisher":{"@id":"https:\/\/lavorobase.com\/#organization"},"potentialAction":[{"@type":"SearchAction","target":{"@type":"EntryPoint","urlTemplate":"https:\/\/lavorobase.com\/?s={search_term_string}"},"query-input":"required name=search_term_string"}],"inLanguage":"pl-PL"},{"@type":"Organization","@id":"https:\/\/lavorobase.com\/#organization","name":"Lavoro Base","url":"https:\/\/lavorobase.com\/","logo":{"@type":"ImageObject","inLanguage":"pl-PL","@id":"https:\/\/lavorobase.com\/#\/schema\/logo\/image\/","url":"https:\/\/lavorobase.com\/wp-content\/uploads\/sites\/605\/2025\/10\/Logo-Laboro-Base-1.svg","contentUrl":"https:\/\/lavorobase.com\/wp-content\/uploads\/sites\/605\/2025\/10\/Logo-Laboro-Base-1.svg","caption":"Lavoro Base"},"image":{"@id":"https:\/\/lavorobase.com\/#\/schema\/logo\/image\/"}}]}},"uagb_featured_image_src":{"full":false,"thumbnail":false,"medium":false,"medium_large":false,"large":false,"1536x1536":false,"2048x2048":false,"trp-custom-language-flag":false},"uagb_author_info":{"display_name":"Beatriz Vieira","author_link":"https:\/\/lavorobase.com\/pl\/author\/beatrizvieirasilva0504\/"},"uagb_comment_info":0,"uagb_excerpt":null,"_links":{"self":[{"href":"https:\/\/lavorobase.com\/pl\/wp-json\/wp\/v2\/pages\/12"}],"collection":[{"href":"https:\/\/lavorobase.com\/pl\/wp-json\/wp\/v2\/pages"}],"about":[{"href":"https:\/\/lavorobase.com\/pl\/wp-json\/wp\/v2\/types\/page"}],"author":[{"embeddable":true,"href":"https:\/\/lavorobase.com\/pl\/wp-json\/wp\/v2\/users\/29"}],"replies":[{"embeddable":true,"href":"https:\/\/lavorobase.com\/pl\/wp-json\/wp\/v2\/comments?post=12"}],"version-history":[{"count":2,"href":"https:\/\/lavorobase.com\/pl\/wp-json\/wp\/v2\/pages\/12\/revisions"}],"predecessor-version":[{"id":1108,"href":"https:\/\/lavorobase.com\/pl\/wp-json\/wp\/v2\/pages\/12\/revisions\/1108"}],"wp:attachment":[{"href":"https:\/\/lavorobase.com\/pl\/wp-json\/wp\/v2\/media?parent=12"}],"curies":[{"name":"wp","href":"https:\/\/api.w.org\/{rel}","templated":true}]}}