{"id":14,"date":"2025-10-08T21:09:28","date_gmt":"2025-10-08T21:09:28","guid":{"rendered":"https:\/\/lavorobase.com\/?page_id=14"},"modified":"2026-01-27T17:03:22","modified_gmt":"2026-01-27T17:03:22","slug":"informazioni","status":"publish","type":"page","link":"https:\/\/lavorobase.com\/es\/informazioni\/","title":{"rendered":"Informaci\u00f3n"},"content":{"rendered":"<p><strong>Un espacio donde las carreras crecen naturalmente<\/strong><\/p>\n\n\n\n<p>En <strong>Trabajo b\u00e1sico<\/strong>Creemos que cada persona merece la oportunidad de construir su propia historia profesional, basada en el conocimiento, la confianza y un claro sentido de prop\u00f3sito.<\/p>\n\n\n\n<p>Nuestro objetivo es simple: ayudarte a comprender el mercado laboral, desarrollar habilidades esenciales y tomar decisiones informadas sobre tu futuro. Combinamos explicaciones claras, consejos honestos y perspectivas pr\u00e1cticas para ayudarte a progresar, sin importar en qu\u00e9 etapa de tu trayectoria profesional te encuentres.<\/p>\n\n\n\n<p>Este sitio fue creado para quienes buscan construir una carrera profesional significativa. Ya sea que busques tu primer empleo, un cambio de rumbo o intentes crecer en tu sector actual, encontrar\u00e1s recursos dise\u00f1ados para que tu progreso sea realmente posible.<\/p>\n\n\n\n<p>No somos una agencia de reclutamiento, un proveedor de capacitaci\u00f3n ni una plataforma publicitaria. Somos una fuente de informaci\u00f3n independiente, creada por personas que creen en el valor de compartir lo que realmente funciona en el mundo laboral.<\/p>\n\n\n\n<h3 class=\"wp-block-heading\">Lo que encontrar\u00e1s<\/h3>\n\n\n\n<p><strong>Trabajo b\u00e1sico<\/strong> Fue dise\u00f1ado para ser m\u00e1s que un simple blog: es un lugar donde el crecimiento profesional se vuelve concreto y comprensible.<\/p>\n\n\n\n<p>Aqu\u00ed encontrar\u00e1:<\/p>\n\n\n\n<ul>\n<li><strong>Gu\u00edas para decisiones cotidianas<\/strong> - desde el <strong>personal editorial<\/strong> Del CV a la mejora de la comunicaci\u00f3n profesional.<\/li>\n\n\n\n<li><strong>Perspectivas sobre el trabajo<\/strong> \u2014 explicaciones claras sobre las tendencias, los nuevos roles y la evoluci\u00f3n del mercado laboral.<\/li>\n\n\n\n<li><strong>Consejos para desarrollar habilidades<\/strong> \u2014formas de fortalecer lo que ya sabes y descubrir nuevas direcciones.<\/li>\n\n\n\n<li><strong>Historias y estrategias<\/strong> \u2014Lecciones de profesionales reales y entornos de trabajo cambiantes.<\/li>\n<\/ul>\n\n\n\n<p>Cada pieza est\u00e1 escrita para ser \u00fatil, directa y oportuna: sin lujos, solo informaci\u00f3n que le ayuda a dar el siguiente paso.<\/p>\n\n\n\n<h3 class=\"wp-block-heading\">Independencia y Transparencia<\/h3>\n\n\n\n<p>Creemos que el consejo s\u00f3lo es valioso cuando est\u00e1 libre de influencias.<br>Debido a esto <strong>Trabajo b\u00e1sico<\/strong> No vende cursos, no promociona productos pagos y no gana comisiones a trav\u00e9s de enlaces de afiliados.<\/p>\n\n\n\n<p>Nuestra independencia nos permite centrarnos en lo que realmente importa: tu crecimiento profesional.<\/p>\n\n\n\n<p>Cuando mencionamos plataformas o herramientas externas, lo hacemos \u00fanicamente para proporcionar contexto, nunca con fines publicitarios o en forma de enlace. <strong>recomendaci\u00f3n oficial<\/strong>.<\/p>\n\n\n\n<p>Nos guiamos por tres principios:<\/p>\n\n\n\n<ul>\n<li><strong>Claridad<\/strong> \u2014 informaci\u00f3n f\u00e1cil de entender.<\/li>\n\n\n\n<li><strong>Integridad<\/strong> \u2014 contenido que prioriza la precisi\u00f3n sobre la popularidad.<\/li>\n\n\n\n<li><strong>Pertinencia<\/strong> \u2014 una orientaci\u00f3n que refleje los desaf\u00edos reales del mundo del trabajo.<\/li>\n<\/ul>\n\n\n\n<h3 class=\"wp-block-heading\">C\u00f3mo trabajamos<\/h3>\n\n\n\n<p>Somos transparentes sobre lo que hacemos y c\u00f3mo lo hacemos:<\/p>\n\n\n\n<ul>\n<li><strong>Sin afiliaci\u00f3n:<\/strong> Operamos de forma independiente, sin v\u00ednculos con empleadores o proveedores de servicios.<\/li>\n\n\n\n<li><strong>No se aceptan ofertas comerciales:<\/strong> No ofrecemos consultas pagadas ni servicios de colocaci\u00f3n.<\/li>\n\n\n\n<li><strong>Sin patrocinio oculto:<\/strong> Cualquier producto o sitio mencionado aparece s\u00f3lo con fines informativos.<\/li>\n\n\n\n<li><strong>Contenido responsable:<\/strong> Verificamos la informaci\u00f3n peri\u00f3dicamente, pero el mercado laboral evoluciona, por lo que recomendamos a los lectores que confirmen los detalles seg\u00fan sea necesario.<\/li>\n<\/ul>\n\n\n\n<p>Nuestro papel es <strong>informar, no persuadir<\/strong> \u2014Porque tus decisiones profesionales siempre deben ser tuyas.<\/p>\n\n\n\n<h3 class=\"wp-block-heading\">Sigue creciendo<\/h3>\n\n\n\n<p><strong>Trabajo b\u00e1sico<\/strong> Existe porque el crecimiento nunca se detiene.<br>Creemos que aprender, adaptarnos y explorar nuevas oportunidades es lo que hace que el trabajo sea significativo.<\/p>\n\n\n\n<p>Cada art\u00edculo que publicamos est\u00e1 escrito con respeto por su trayectoria y aprecio por el compromiso que implica seguir avanzando.<\/p>\n\n\n\n<p>Ya sea que est\u00e9s buscando direcci\u00f3n, inspiraci\u00f3n o simplemente una nueva forma de ver tu trayectoria profesional, esperamos que esta plataforma se convierta en parte de tu proceso: una idea, una perspectiva, un paso a la vez.<\/p>\n\n\n\n<p><strong>Sigue aprendiendo. Sigue evolucionando. Sigue creciendo.<\/strong><\/p>","protected":false},"excerpt":{"rendered":"<p>Uno Spazio Dove la Carriera Cresce in Modo Naturale In Lavoro Base, crediamo che ogni persona meriti la possibilit\u00e0 di [&hellip;]<\/p>","protected":false},"author":29,"featured_media":0,"parent":0,"menu_order":0,"comment_status":"closed","ping_status":"closed","template":"","meta":{"_uag_custom_page_level_css":"","site-sidebar-layout":"default","site-content-layout":"","ast-site-content-layout":"default","site-content-style":"default","site-sidebar-style":"default","ast-global-header-display":"","ast-banner-title-visibility":"","ast-main-header-display":"","ast-hfb-above-header-display":"","ast-hfb-below-header-display":"","ast-hfb-mobile-header-display":"","site-post-title":"","ast-breadcrumbs-content":"","ast-featured-img":"","footer-sml-layout":"","theme-transparent-header-meta":"","adv-header-id-meta":"","stick-header-meta":"","header-above-stick-meta":"","header-main-stick-meta":"","header-below-stick-meta":"","astra-migrate-meta-layouts":"set","ast-page-background-enabled":"default","ast-page-background-meta":{"desktop":{"background-color":"var(--ast-global-color-4)","background-image":"","background-repeat":"repeat","background-position":"center center","background-size":"auto","background-attachment":"scroll","background-type":"","background-media":"","overlay-type":"","overlay-color":"","overlay-opacity":"","overlay-gradient":""},"tablet":{"background-color":"","background-image":"","background-repeat":"repeat","background-position":"center center","background-size":"auto","background-attachment":"scroll","background-type":"","background-media":"","overlay-type":"","overlay-color":"","overlay-opacity":"","overlay-gradient":""},"mobile":{"background-color":"","background-image":"","background-repeat":"repeat","background-position":"center center","background-size":"auto","background-attachment":"scroll","background-type":"","background-media":"","overlay-type":"","overlay-color":"","overlay-opacity":"","overlay-gradient":""}},"ast-content-background-meta":{"desktop":{"background-color":"var(--ast-global-color-5)","background-image":"","background-repeat":"repeat","background-position":"center center","background-size":"auto","background-attachment":"scroll","background-type":"","background-media":"","overlay-type":"","overlay-color":"","overlay-opacity":"","overlay-gradient":""},"tablet":{"background-color":"var(--ast-global-color-5)","background-image":"","background-repeat":"repeat","background-position":"center center","background-size":"auto","background-attachment":"scroll","background-type":"","background-media":"","overlay-type":"","overlay-color":"","overlay-opacity":"","overlay-gradient":""},"mobile":{"background-color":"var(--ast-global-color-5)","background-image":"","background-repeat":"repeat","background-position":"center center","background-size":"auto","background-attachment":"scroll","background-type":"","background-media":"","overlay-type":"","overlay-color":"","overlay-opacity":"","overlay-gradient":""}},"footnotes":""},"yoast_head":"<!-- This site is optimized with the Yoast SEO plugin v23.3 - https:\/\/yoast.com\/wordpress\/plugins\/seo\/ -->\n<title>Informazioni - Lavoro Base<\/title>\n<meta name=\"robots\" content=\"index, follow, max-snippet:-1, max-image-preview:large, max-video-preview:-1\" \/>\n<link rel=\"canonical\" href=\"https:\/\/lavorobase.com\/es\/informazioni\/\" \/>\n<meta property=\"og:locale\" content=\"es_ES\" \/>\n<meta property=\"og:type\" content=\"article\" \/>\n<meta property=\"og:title\" content=\"Informazioni - Lavoro Base\" \/>\n<meta property=\"og:description\" content=\"Uno Spazio Dove la Carriera Cresce in Modo Naturale In Lavoro Base, crediamo che ogni persona meriti la possibilit\u00e0 di [&hellip;]\" \/>\n<meta property=\"og:url\" content=\"https:\/\/lavorobase.com\/es\/informazioni\/\" \/>\n<meta property=\"og:site_name\" content=\"Lavoro Base\" \/>\n<meta property=\"article:modified_time\" content=\"2026-01-27T17:03:22+00:00\" \/>\n<meta name=\"twitter:card\" content=\"summary_large_image\" \/>\n<meta name=\"twitter:label1\" content=\"Est. reading time\" \/>\n\t<meta name=\"twitter:data1\" content=\"3 minutos\" \/>\n<script type=\"application\/ld+json\" class=\"yoast-schema-graph\">{\"@context\":\"https:\/\/schema.org\",\"@graph\":[{\"@type\":\"WebPage\",\"@id\":\"https:\/\/lavorobase.com\/informazioni\/\",\"url\":\"https:\/\/lavorobase.com\/informazioni\/\",\"name\":\"Informazioni - Lavoro Base\",\"isPartOf\":{\"@id\":\"https:\/\/lavorobase.com\/#website\"},\"datePublished\":\"2025-10-08T21:09:28+00:00\",\"dateModified\":\"2026-01-27T17:03:22+00:00\",\"breadcrumb\":{\"@id\":\"https:\/\/lavorobase.com\/informazioni\/#breadcrumb\"},\"inLanguage\":\"es\",\"potentialAction\":[{\"@type\":\"ReadAction\",\"target\":[\"https:\/\/lavorobase.com\/informazioni\/\"]}]},{\"@type\":\"BreadcrumbList\",\"@id\":\"https:\/\/lavorobase.com\/informazioni\/#breadcrumb\",\"itemListElement\":[{\"@type\":\"ListItem\",\"position\":1,\"name\":\"Home\",\"item\":\"https:\/\/lavorobase.com\/\"},{\"@type\":\"ListItem\",\"position\":2,\"name\":\"Informazioni\"}]},{\"@type\":\"WebSite\",\"@id\":\"https:\/\/lavorobase.com\/#website\",\"url\":\"https:\/\/lavorobase.com\/\",\"name\":\"Lavoro Base\",\"description\":\"\",\"publisher\":{\"@id\":\"https:\/\/lavorobase.com\/#organization\"},\"potentialAction\":[{\"@type\":\"SearchAction\",\"target\":{\"@type\":\"EntryPoint\",\"urlTemplate\":\"https:\/\/lavorobase.com\/?s={search_term_string}\"},\"query-input\":\"required name=search_term_string\"}],\"inLanguage\":\"es\"},{\"@type\":\"Organization\",\"@id\":\"https:\/\/lavorobase.com\/#organization\",\"name\":\"Lavoro Base\",\"url\":\"https:\/\/lavorobase.com\/\",\"logo\":{\"@type\":\"ImageObject\",\"inLanguage\":\"es\",\"@id\":\"https:\/\/lavorobase.com\/#\/schema\/logo\/image\/\",\"url\":\"https:\/\/lavorobase.com\/wp-content\/uploads\/sites\/605\/2025\/10\/Logo-Laboro-Base-1.svg\",\"contentUrl\":\"https:\/\/lavorobase.com\/wp-content\/uploads\/sites\/605\/2025\/10\/Logo-Laboro-Base-1.svg\",\"caption\":\"Lavoro Base\"},\"image\":{\"@id\":\"https:\/\/lavorobase.com\/#\/schema\/logo\/image\/\"}}]}<\/script>\n<!-- \/ Yoast SEO plugin. -->","yoast_head_json":{"title":"Informazioni - Lavoro Base","robots":{"index":"index","follow":"follow","max-snippet":"max-snippet:-1","max-image-preview":"max-image-preview:large","max-video-preview":"max-video-preview:-1"},"canonical":"https:\/\/lavorobase.com\/es\/informazioni\/","og_locale":"es_ES","og_type":"article","og_title":"Informazioni - Lavoro Base","og_description":"Uno Spazio Dove la Carriera Cresce in Modo Naturale In Lavoro Base, crediamo che ogni persona meriti la possibilit\u00e0 di [&hellip;]","og_url":"https:\/\/lavorobase.com\/es\/informazioni\/","og_site_name":"Lavoro Base","article_modified_time":"2026-01-27T17:03:22+00:00","twitter_card":"summary_large_image","twitter_misc":{"Est. reading time":"3 minutos"},"schema":{"@context":"https:\/\/schema.org","@graph":[{"@type":"WebPage","@id":"https:\/\/lavorobase.com\/informazioni\/","url":"https:\/\/lavorobase.com\/informazioni\/","name":"Informazioni - Lavoro Base","isPartOf":{"@id":"https:\/\/lavorobase.com\/#website"},"datePublished":"2025-10-08T21:09:28+00:00","dateModified":"2026-01-27T17:03:22+00:00","breadcrumb":{"@id":"https:\/\/lavorobase.com\/informazioni\/#breadcrumb"},"inLanguage":"es","potentialAction":[{"@type":"ReadAction","target":["https:\/\/lavorobase.com\/informazioni\/"]}]},{"@type":"BreadcrumbList","@id":"https:\/\/lavorobase.com\/informazioni\/#breadcrumb","itemListElement":[{"@type":"ListItem","position":1,"name":"Home","item":"https:\/\/lavorobase.com\/"},{"@type":"ListItem","position":2,"name":"Informazioni"}]},{"@type":"WebSite","@id":"https:\/\/lavorobase.com\/#website","url":"https:\/\/lavorobase.com\/","name":"Lavoro Base","description":"","publisher":{"@id":"https:\/\/lavorobase.com\/#organization"},"potentialAction":[{"@type":"SearchAction","target":{"@type":"EntryPoint","urlTemplate":"https:\/\/lavorobase.com\/?s={search_term_string}"},"query-input":"required name=search_term_string"}],"inLanguage":"es"},{"@type":"Organization","@id":"https:\/\/lavorobase.com\/#organization","name":"Lavoro Base","url":"https:\/\/lavorobase.com\/","logo":{"@type":"ImageObject","inLanguage":"es","@id":"https:\/\/lavorobase.com\/#\/schema\/logo\/image\/","url":"https:\/\/lavorobase.com\/wp-content\/uploads\/sites\/605\/2025\/10\/Logo-Laboro-Base-1.svg","contentUrl":"https:\/\/lavorobase.com\/wp-content\/uploads\/sites\/605\/2025\/10\/Logo-Laboro-Base-1.svg","caption":"Lavoro Base"},"image":{"@id":"https:\/\/lavorobase.com\/#\/schema\/logo\/image\/"}}]}},"uagb_featured_image_src":{"full":false,"thumbnail":false,"medium":false,"medium_large":false,"large":false,"1536x1536":false,"2048x2048":false,"trp-custom-language-flag":false},"uagb_author_info":{"display_name":"Beatriz Vieira","author_link":"https:\/\/lavorobase.com\/es\/author\/beatrizvieirasilva0504\/"},"uagb_comment_info":0,"uagb_excerpt":"Uno Spazio Dove la Carriera Cresce in Modo Naturale In Lavoro Base, crediamo che ogni persona meriti la possibilit\u00e0 di [&hellip;]","_links":{"self":[{"href":"https:\/\/lavorobase.com\/es\/wp-json\/wp\/v2\/pages\/14"}],"collection":[{"href":"https:\/\/lavorobase.com\/es\/wp-json\/wp\/v2\/pages"}],"about":[{"href":"https:\/\/lavorobase.com\/es\/wp-json\/wp\/v2\/types\/page"}],"author":[{"embeddable":true,"href":"https:\/\/lavorobase.com\/es\/wp-json\/wp\/v2\/users\/29"}],"replies":[{"embeddable":true,"href":"https:\/\/lavorobase.com\/es\/wp-json\/wp\/v2\/comments?post=14"}],"version-history":[{"count":3,"href":"https:\/\/lavorobase.com\/es\/wp-json\/wp\/v2\/pages\/14\/revisions"}],"predecessor-version":[{"id":682,"href":"https:\/\/lavorobase.com\/es\/wp-json\/wp\/v2\/pages\/14\/revisions\/682"}],"wp:attachment":[{"href":"https:\/\/lavorobase.com\/es\/wp-json\/wp\/v2\/media?parent=14"}],"curies":[{"name":"wp","href":"https:\/\/api.w.org\/{rel}","templated":true}]}}